{"id":498,"date":"2022-12-22T15:13:10","date_gmt":"2022-12-22T15:13:10","guid":{"rendered":"https:\/\/informebajio.com.mx\/?page_id=498"},"modified":"2026-02-24T15:08:13","modified_gmt":"2026-02-24T21:08:13","slug":"queretaro","status":"publish","type":"page","link":"https:\/\/informebajio.com.mx\/?page_id=498","title":{"rendered":"Local\/Quer\u00e9taro"},"content":{"rendered":"\t\t<div data-elementor-type=\"wp-page\" data-elementor-id=\"498\" class=\"elementor elementor-498\" data-elementor-settings=\"[]\">\n\t\t\t\t\t\t\t<div class=\"elementor-section-wrap\">\n\t\t\t\t\t\t\t<section class=\"elementor-section elementor-top-section elementor-element elementor-element-c443992 elementor-section-boxed elementor-section-height-default elementor-section-height-default\" data-id=\"c443992\" data-element_type=\"section\">\n\t\t\t\t\t\t<div class=\"elementor-container elementor-column-gap-default\">\n\t\t\t\t\t<div class=\"elementor-column elementor-col-100 elementor-top-column elementor-element elementor-element-b81398a\" data-id=\"b81398a\" data-element_type=\"column\">\n\t\t\t<div class=\"elementor-widget-wrap elementor-element-populated\">\n\t\t\t\t\t\t\t\t<div class=\"elementor-element elementor-element-6dd093f elementor-widget elementor-widget-heading\" data-id=\"6dd093f\" data-element_type=\"widget\" data-widget_type=\"heading.default\">\n\t\t\t\t<div class=\"elementor-widget-container\">\n\t\t\t<style>\/*! elementor - v3.5.5 - 03-02-2022 *\/\n.elementor-heading-title{padding:0;margin:0;line-height:1}.elementor-widget-heading .elementor-heading-title[class*=elementor-size-]>a{color:inherit;font-size:inherit;line-height:inherit}.elementor-widget-heading .elementor-heading-title.elementor-size-small{font-size:15px}.elementor-widget-heading .elementor-heading-title.elementor-size-medium{font-size:19px}.elementor-widget-heading .elementor-heading-title.elementor-size-large{font-size:29px}.elementor-widget-heading .elementor-heading-title.elementor-size-xl{font-size:39px}.elementor-widget-heading .elementor-heading-title.elementor-size-xxl{font-size:59px}<\/style><h2 class=\"elementor-heading-title elementor-size-default\">Quer\u00e9taro<\/h2>\t\t<\/div>\n\t\t\t\t<\/div>\n\t\t\t\t<div class=\"elementor-element elementor-element-a574a01 elementor-widget elementor-widget-image\" data-id=\"a574a01\" data-element_type=\"widget\" data-widget_type=\"image.default\">\n\t\t\t\t<div class=\"elementor-widget-container\">\n\t\t\t<style>\/*! elementor - v3.5.5 - 03-02-2022 *\/\n.elementor-widget-image{text-align:center}.elementor-widget-image a{display:inline-block}.elementor-widget-image a img[src$=\".svg\"]{width:48px}.elementor-widget-image img{vertical-align:middle;display:inline-block}<\/style>\t\t\t\t\t\t\t\t\t\t\t\t<img loading=\"lazy\" decoding=\"async\" width=\"640\" height=\"155\" src=\"https:\/\/informebajio.com.mx\/wp-content\/uploads\/2026\/02\/CMA_INFORME-BAJIO-2500-x-606-px-1024x248.jpg\" class=\"attachment-large size-large\" alt=\"\" srcset=\"https:\/\/informebajio.com.mx\/wp-content\/uploads\/2026\/02\/CMA_INFORME-BAJIO-2500-x-606-px-1024x248.jpg 1024w, https:\/\/informebajio.com.mx\/wp-content\/uploads\/2026\/02\/CMA_INFORME-BAJIO-2500-x-606-px-300x73.jpg 300w, https:\/\/informebajio.com.mx\/wp-content\/uploads\/2026\/02\/CMA_INFORME-BAJIO-2500-x-606-px-768x186.jpg 768w, https:\/\/informebajio.com.mx\/wp-content\/uploads\/2026\/02\/CMA_INFORME-BAJIO-2500-x-606-px-1536x372.jpg 1536w, https:\/\/informebajio.com.mx\/wp-content\/uploads\/2026\/02\/CMA_INFORME-BAJIO-2500-x-606-px-2048x496.jpg 2048w\" sizes=\"auto, (max-width: 640px) 100vw, 640px\" \/>\t\t\t\t\t\t\t\t\t\t\t\t\t\t\t<\/div>\n\t\t\t\t<\/div>\n\t\t\t\t\t<\/div>\n\t\t<\/div>\n\t\t\t\t\t\t\t<\/div>\n\t\t<\/section>\n\t\t\t\t<section class=\"elementor-section elementor-top-section elementor-element elementor-element-5519e5a elementor-section-boxed elementor-section-height-default elementor-section-height-default\" data-id=\"5519e5a\" data-element_type=\"section\">\n\t\t\t\t\t\t<div class=\"elementor-container elementor-column-gap-default\">\n\t\t\t\t\t<div class=\"elementor-column elementor-col-100 elementor-top-column elementor-element elementor-element-43c6c36\" data-id=\"43c6c36\" data-element_type=\"column\">\n\t\t\t<div class=\"elementor-widget-wrap elementor-element-populated\">\n\t\t\t\t\t\t\t\t<div class=\"elementor-element elementor-element-4a47afa elementor-grid-3 elementor-grid-tablet-2 elementor-grid-mobile-1 elementor-widget elementor-widget-elementor-blog-posts\" data-id=\"4a47afa\" data-element_type=\"widget\" data-settings=\"{&quot;columns&quot;:&quot;3&quot;,&quot;columns_tablet&quot;:&quot;2&quot;,&quot;columns_mobile&quot;:&quot;1&quot;}\" data-widget_type=\"elementor-blog-posts.default\">\n\t\t\t\t<div class=\"elementor-widget-container\">\n\t\t\t\t\t<div class=\"wpcap-grid\">\n\t\t\t\t\t\t<div class=\"wpcap-grid-container elementor-grid wpcap-grid-desktop-3 wpcap-grid-tablet-2 wpcap-grid-mobile-1\">\n\n\t\t\t\t\n        <article id=\"post-55441\" class=\"wpcap-post post-55441 post type-post status-publish format-standard has-post-thumbnail hentry category-queretaro\">\n         \n            <div class=\"post-grid-inner\">\n            \t\n            \t\t\t\t<div class=\"post-grid-thumbnail\">\n\t\t\t\t<a href=\"https:\/\/informebajio.com.mx\/?p=55441\">\n\t\t\t\t\t<img loading=\"lazy\" decoding=\"async\" width=\"1000\" height=\"600\" src=\"https:\/\/informebajio.com.mx\/wp-content\/uploads\/2026\/04\/wp-header-logo-28.png\" class=\"attachment-full size-full wp-post-image\" alt=\"\" srcset=\"https:\/\/informebajio.com.mx\/wp-content\/uploads\/2026\/04\/wp-header-logo-28.png 1000w, https:\/\/informebajio.com.mx\/wp-content\/uploads\/2026\/04\/wp-header-logo-28-300x180.png 300w, https:\/\/informebajio.com.mx\/wp-content\/uploads\/2026\/04\/wp-header-logo-28-768x461.png 768w\" sizes=\"auto, (max-width: 1000px) 100vw, 1000px\" \/>\t\t\t\t<\/a>\n\t\t\t<\/div>\n        \n                <div class=\"post-grid-text-wrap\">\n               \t\t\t\t<h3 class=\"title\">\n\t\t\t<a href=\"https:\/\/informebajio.com.mx\/?p=55441\">Twins evita la barrida<\/a>\n\t\t<\/h3>\n\t\t\t                \t                \t\t<div class=\"post-grid-excerpt\">\n\t\t\t<p>Con tres cuadrangulares en la novena entrada, los Minnesota Twins se impusieron como visitantes por pizarra de 5-1 ante los Kansas City Royals para evitar&hellip;<\/p>\n\t\t<\/div>\n\t\t\t                \t\t<a class=\"read-more-btn\" href=\"https:\/\/informebajio.com.mx\/?p=55441\">leer m\u00e1s \u00bb<\/a>\n\t\t                <\/div>\n\n            <\/div><!-- .blog-inner -->\n           \n        <\/article>\n\n        \n        <article id=\"post-55437\" class=\"wpcap-post post-55437 post type-post status-publish format-standard has-post-thumbnail hentry category-queretaro\">\n         \n            <div class=\"post-grid-inner\">\n            \t\n            \t\t\t\t<div class=\"post-grid-thumbnail\">\n\t\t\t\t<a href=\"https:\/\/informebajio.com.mx\/?p=55437\">\n\t\t\t\t\t<img loading=\"lazy\" decoding=\"async\" width=\"213\" height=\"246\" src=\"https:\/\/informebajio.com.mx\/wp-content\/uploads\/2026\/04\/wp-header-logo-26.png\" class=\"attachment-full size-full wp-post-image\" alt=\"\" \/>\t\t\t\t<\/a>\n\t\t\t<\/div>\n        \n                <div class=\"post-grid-text-wrap\">\n               \t\t\t\t<h3 class=\"title\">\n\t\t\t<a href=\"https:\/\/informebajio.com.mx\/?p=55437\">CARTAS A ESTEBAN<\/a>\n\t\t<\/h3>\n\t\t\t                \t                \t\t<div class=\"post-grid-excerpt\">\n\t\t\t<p>Septiembre de 1953, Estados Unidos, California. Muchacho, hace meses que te has fugado y reci\u00e9n ahora puedo pensar bien sobre ti. Dir\u00eda que estoy sobrio,&hellip;<\/p>\n\t\t<\/div>\n\t\t\t                \t\t<a class=\"read-more-btn\" href=\"https:\/\/informebajio.com.mx\/?p=55437\">leer m\u00e1s \u00bb<\/a>\n\t\t                <\/div>\n\n            <\/div><!-- .blog-inner -->\n           \n        <\/article>\n\n        \n        <article id=\"post-55431\" class=\"wpcap-post post-55431 post type-post status-publish format-standard has-post-thumbnail hentry category-queretaro\">\n         \n            <div class=\"post-grid-inner\">\n            \t\n            \t\t\t\t<div class=\"post-grid-thumbnail\">\n\t\t\t\t<a href=\"https:\/\/informebajio.com.mx\/?p=55431\">\n\t\t\t\t\t<img loading=\"lazy\" decoding=\"async\" width=\"1000\" height=\"600\" src=\"https:\/\/informebajio.com.mx\/wp-content\/uploads\/2026\/04\/wp-header-logo-23.png\" class=\"attachment-full size-full wp-post-image\" alt=\"\" srcset=\"https:\/\/informebajio.com.mx\/wp-content\/uploads\/2026\/04\/wp-header-logo-23.png 1000w, https:\/\/informebajio.com.mx\/wp-content\/uploads\/2026\/04\/wp-header-logo-23-300x180.png 300w, https:\/\/informebajio.com.mx\/wp-content\/uploads\/2026\/04\/wp-header-logo-23-768x461.png 768w\" sizes=\"auto, (max-width: 1000px) 100vw, 1000px\" \/>\t\t\t\t<\/a>\n\t\t\t<\/div>\n        \n                <div class=\"post-grid-text-wrap\">\n               \t\t\t\t<h3 class=\"title\">\n\t\t\t<a href=\"https:\/\/informebajio.com.mx\/?p=55431\">Refuerzan operativo interinstitucional por Semana Santa<\/a>\n\t\t<\/h3>\n\t\t\t                \t                \t\t<div class=\"post-grid-excerpt\">\n\t\t\t<p>Participan SSPMQ, CMPC, SEDENA, Bomberos de Quer\u00e9taro y Cruz Roja. Noticias \u00a0 Por instrucci\u00f3n del presidente municipal de Quer\u00e9taro, Felifer Mac\u00edas, el Municipio fortalece el&hellip;<\/p>\n\t\t<\/div>\n\t\t\t                \t\t<a class=\"read-more-btn\" href=\"https:\/\/informebajio.com.mx\/?p=55431\">leer m\u00e1s \u00bb<\/a>\n\t\t                <\/div>\n\n            <\/div><!-- .blog-inner -->\n           \n        <\/article>\n\n        \n\t\t\t<\/div>\n\t\t<\/div>\n\t\t\t\t<\/div>\n\t\t\t\t<\/div>\n\t\t\t\t\t<\/div>\n\t\t<\/div>\n\t\t\t\t\t\t\t<\/div>\n\t\t<\/section>\n\t\t\t\t<section class=\"elementor-section elementor-top-section elementor-element elementor-element-57ecdbf elementor-section-boxed elementor-section-height-default elementor-section-height-default\" data-id=\"57ecdbf\" data-element_type=\"section\">\n\t\t\t\t\t\t<div class=\"elementor-container elementor-column-gap-default\">\n\t\t\t\t\t<div class=\"elementor-column elementor-col-100 elementor-top-column elementor-element elementor-element-f86eb9b\" data-id=\"f86eb9b\" data-element_type=\"column\">\n\t\t\t<div class=\"elementor-widget-wrap\">\n\t\t\t\t\t\t\t\t\t<\/div>\n\t\t<\/div>\n\t\t\t\t\t\t\t<\/div>\n\t\t<\/section>\n\t\t\t\t\t\t<\/div>\n\t\t\t\t\t<\/div>\n\t\t","protected":false},"excerpt":{"rendered":"<p>Quer\u00e9taro Conductor pierde la vida en choque El fatal hecho de tr\u00e1nsito se produjo anoche sobre la avenida Paseo 5 deFebrero, en la colonia Ni\u00f1os H\u00e9roes POR: ALFONSO GARC\u00cdANoticias Fat\u00eddico percance vehicular se registr\u00f3 anoche sobre la avenida Paseo 5de Febrero, al impactarse una camioneta contra el muro de contenci\u00f3n delviaducto que conecta hacia la [&hellip;]<\/p>\n","protected":false},"author":1,"featured_media":0,"parent":0,"menu_order":0,"comment_status":"closed","ping_status":"closed","template":"","meta":{"_monsterinsights_skip_tracking":false,"_monsterinsights_sitenote_active":false,"_monsterinsights_sitenote_note":"","_monsterinsights_sitenote_category":0,"footnotes":""},"class_list":["post-498","page","type-page","status-publish","hentry"],"_links":{"self":[{"href":"https:\/\/informebajio.com.mx\/index.php?rest_route=\/wp\/v2\/pages\/498","targetHints":{"allow":["GET"]}}],"collection":[{"href":"https:\/\/informebajio.com.mx\/index.php?rest_route=\/wp\/v2\/pages"}],"about":[{"href":"https:\/\/informebajio.com.mx\/index.php?rest_route=\/wp\/v2\/types\/page"}],"author":[{"embeddable":true,"href":"https:\/\/informebajio.com.mx\/index.php?rest_route=\/wp\/v2\/users\/1"}],"replies":[{"embeddable":true,"href":"https:\/\/informebajio.com.mx\/index.php?rest_route=%2Fwp%2Fv2%2Fcomments&post=498"}],"version-history":[{"count":121,"href":"https:\/\/informebajio.com.mx\/index.php?rest_route=\/wp\/v2\/pages\/498\/revisions"}],"predecessor-version":[{"id":54764,"href":"https:\/\/informebajio.com.mx\/index.php?rest_route=\/wp\/v2\/pages\/498\/revisions\/54764"}],"wp:attachment":[{"href":"https:\/\/informebajio.com.mx\/index.php?rest_route=%2Fwp%2Fv2%2Fmedia&parent=498"}],"curies":[{"name":"wp","href":"https:\/\/api.w.org\/{rel}","templated":true}]}}