{"id":507,"date":"2022-12-22T15:21:12","date_gmt":"2022-12-22T15:21:12","guid":{"rendered":"https:\/\/informebajio.com.mx\/?page_id=507"},"modified":"2024-05-01T21:06:35","modified_gmt":"2024-05-02T02:06:35","slug":"san-luis-potosi","status":"publish","type":"page","link":"https:\/\/informebajio.com.mx\/?page_id=507","title":{"rendered":"Nacional\/San Luis Potos\u00ed"},"content":{"rendered":"\t\t<div data-elementor-type=\"wp-page\" data-elementor-id=\"507\" class=\"elementor elementor-507\" data-elementor-settings=\"[]\">\n\t\t\t\t\t\t\t<div class=\"elementor-section-wrap\">\n\t\t\t\t\t\t\t<section class=\"elementor-section elementor-top-section elementor-element elementor-element-db03d98 elementor-section-boxed elementor-section-height-default elementor-section-height-default\" data-id=\"db03d98\" data-element_type=\"section\">\n\t\t\t\t\t\t<div class=\"elementor-container elementor-column-gap-default\">\n\t\t\t\t\t<div class=\"elementor-column elementor-col-100 elementor-top-column elementor-element elementor-element-eb48064\" data-id=\"eb48064\" data-element_type=\"column\">\n\t\t\t<div class=\"elementor-widget-wrap elementor-element-populated\">\n\t\t\t\t\t\t\t\t<div class=\"elementor-element elementor-element-89c615a elementor-widget elementor-widget-heading\" data-id=\"89c615a\" data-element_type=\"widget\" data-widget_type=\"heading.default\">\n\t\t\t\t<div class=\"elementor-widget-container\">\n\t\t\t<style>\/*! elementor - v3.5.5 - 03-02-2022 *\/\n.elementor-heading-title{padding:0;margin:0;line-height:1}.elementor-widget-heading .elementor-heading-title[class*=elementor-size-]>a{color:inherit;font-size:inherit;line-height:inherit}.elementor-widget-heading .elementor-heading-title.elementor-size-small{font-size:15px}.elementor-widget-heading .elementor-heading-title.elementor-size-medium{font-size:19px}.elementor-widget-heading .elementor-heading-title.elementor-size-large{font-size:29px}.elementor-widget-heading .elementor-heading-title.elementor-size-xl{font-size:39px}.elementor-widget-heading .elementor-heading-title.elementor-size-xxl{font-size:59px}<\/style><h2 class=\"elementor-heading-title elementor-size-default\">San Luis Potos\u00ed<\/h2>\t\t<\/div>\n\t\t\t\t<\/div>\n\t\t\t\t\t<\/div>\n\t\t<\/div>\n\t\t\t\t\t\t\t<\/div>\n\t\t<\/section>\n\t\t\t\t<section class=\"elementor-section elementor-top-section elementor-element elementor-element-e6b691c elementor-section-boxed elementor-section-height-default elementor-section-height-default\" data-id=\"e6b691c\" data-element_type=\"section\">\n\t\t\t\t\t\t<div class=\"elementor-container elementor-column-gap-default\">\n\t\t\t\t\t<div class=\"elementor-column elementor-col-100 elementor-top-column elementor-element elementor-element-c768a1a\" data-id=\"c768a1a\" data-element_type=\"column\">\n\t\t\t<div class=\"elementor-widget-wrap elementor-element-populated\">\n\t\t\t\t\t\t\t\t<div class=\"elementor-element elementor-element-348fe85 elementor-widget elementor-widget-image\" data-id=\"348fe85\" data-element_type=\"widget\" data-widget_type=\"image.default\">\n\t\t\t\t<div class=\"elementor-widget-container\">\n\t\t\t<style>\/*! elementor - v3.5.5 - 03-02-2022 *\/\n.elementor-widget-image{text-align:center}.elementor-widget-image a{display:inline-block}.elementor-widget-image a img[src$=\".svg\"]{width:48px}.elementor-widget-image img{vertical-align:middle;display:inline-block}<\/style>\t\t\t\t\t\t\t\t\t\t\t\t<img loading=\"lazy\" decoding=\"async\" width=\"640\" height=\"155\" src=\"https:\/\/informebajio.com.mx\/wp-content\/uploads\/2023\/01\/publicidad_4-1024x248.png\" class=\"attachment-large size-large\" alt=\"\" srcset=\"https:\/\/informebajio.com.mx\/wp-content\/uploads\/2023\/01\/publicidad_4-1024x248.png 1024w, https:\/\/informebajio.com.mx\/wp-content\/uploads\/2023\/01\/publicidad_4-300x73.png 300w, https:\/\/informebajio.com.mx\/wp-content\/uploads\/2023\/01\/publicidad_4-768x186.png 768w, https:\/\/informebajio.com.mx\/wp-content\/uploads\/2023\/01\/publicidad_4.png 1250w\" sizes=\"auto, (max-width: 640px) 100vw, 640px\" \/>\t\t\t\t\t\t\t\t\t\t\t\t\t\t\t<\/div>\n\t\t\t\t<\/div>\n\t\t\t\t\t<\/div>\n\t\t<\/div>\n\t\t\t\t\t\t\t<\/div>\n\t\t<\/section>\n\t\t\t\t<section class=\"elementor-section elementor-top-section elementor-element elementor-element-c5edece elementor-section-boxed elementor-section-height-default elementor-section-height-default\" data-id=\"c5edece\" data-element_type=\"section\">\n\t\t\t\t\t\t<div class=\"elementor-container elementor-column-gap-default\">\n\t\t\t\t\t<div class=\"elementor-column elementor-col-100 elementor-top-column elementor-element elementor-element-eec1b89\" data-id=\"eec1b89\" data-element_type=\"column\">\n\t\t\t<div class=\"elementor-widget-wrap elementor-element-populated\">\n\t\t\t\t\t\t\t\t<div class=\"elementor-element elementor-element-b2d07f0 elementor-grid-3 elementor-grid-tablet-2 elementor-grid-mobile-1 elementor-widget elementor-widget-elementor-blog-posts\" data-id=\"b2d07f0\" data-element_type=\"widget\" data-settings=\"{&quot;columns&quot;:&quot;3&quot;,&quot;columns_tablet&quot;:&quot;2&quot;,&quot;columns_mobile&quot;:&quot;1&quot;}\" data-widget_type=\"elementor-blog-posts.default\">\n\t\t\t\t<div class=\"elementor-widget-container\">\n\t\t\t\t\t<div class=\"wpcap-grid\">\n\t\t\t\t\t\t<div class=\"wpcap-grid-container elementor-grid wpcap-grid-desktop-3 wpcap-grid-tablet-2 wpcap-grid-mobile-1\">\n\n\t\t\t\t\n        <article id=\"post-55435\" class=\"wpcap-post post-55435 post type-post status-publish format-standard has-post-thumbnail hentry category-san-luis-potosi\">\n         \n            <div class=\"post-grid-inner\">\n            \t\n            \t\t\t\t<div class=\"post-grid-thumbnail\">\n\t\t\t\t<a href=\"https:\/\/informebajio.com.mx\/?p=55435\">\n\t\t\t\t\t<img loading=\"lazy\" decoding=\"async\" width=\"936\" height=\"648\" src=\"https:\/\/informebajio.com.mx\/wp-content\/uploads\/2026\/04\/wp-header-logo-25.png\" class=\"attachment-full size-full wp-post-image\" alt=\"\" srcset=\"https:\/\/informebajio.com.mx\/wp-content\/uploads\/2026\/04\/wp-header-logo-25.png 936w, https:\/\/informebajio.com.mx\/wp-content\/uploads\/2026\/04\/wp-header-logo-25-300x208.png 300w, https:\/\/informebajio.com.mx\/wp-content\/uploads\/2026\/04\/wp-header-logo-25-768x532.png 768w\" sizes=\"auto, (max-width: 936px) 100vw, 936px\" \/>\t\t\t\t<\/a>\n\t\t\t<\/div>\n        \n                <div class=\"post-grid-text-wrap\">\n               \t\t\t\t<h3 class=\"title\">\n\t\t\t<a href=\"https:\/\/informebajio.com.mx\/?p=55435\">CONGRESO DEL ESTADO BUSCAR\u00c1 EXHORTAR A INTERAPAS A GARANTIZAR SUMINISTRO DE AGUA POTABLE EN LA ZONA METROPOLITANA<\/a>\n\t\t<\/h3>\n\t\t\t                \t\t<div class=\"post-grid-meta\">\n\t\t\t\n\t\t\t\t<span class=\"post-date\"><time datetime=\"2026-04-04T01:27:08-06:00\">s\u00e1bado, 04 abril, 2026<\/time><\/span>\n\n\t\t\t\t\n\t\t\t\t<span class=\"post-comments\">No hay comentarios<\/span>\n\n\t\t\t\t\t\t<\/div>\n\t\t\t                \t\t<div class=\"post-grid-excerpt\">\n\t\t\t<p>EL ORGANISMO INTERMUNICIPAL DEBER\u00c1 APEGARSE A LOS EST\u00c1NDARES CONSTITUCIONALES EN MATERIA DE DERECHOS HUMANOS PARA GARANTIZAR LA DISTRIBUCI\u00d3N EQUITATIVA DEL RECURSO H\u00cdDRICO, DIP: GABRIELA GUADALUPE&hellip;<\/p>\n\t\t<\/div>\n\t\t\t                \t\t<a class=\"read-more-btn\" href=\"https:\/\/informebajio.com.mx\/?p=55435\">Leer m\u00e1s \u00bb<\/a>\n\t\t                <\/div>\n\n            <\/div><!-- .blog-inner -->\n           \n        <\/article>\n\n        \n        <article id=\"post-55433\" class=\"wpcap-post post-55433 post type-post status-publish format-standard has-post-thumbnail hentry category-san-luis-potosi\">\n         \n            <div class=\"post-grid-inner\">\n            \t\n            \t\t\t\t<div class=\"post-grid-thumbnail\">\n\t\t\t\t<a href=\"https:\/\/informebajio.com.mx\/?p=55433\">\n\t\t\t\t\t<img loading=\"lazy\" decoding=\"async\" width=\"950\" height=\"534\" src=\"https:\/\/informebajio.com.mx\/wp-content\/uploads\/2026\/04\/wp-header-logo-24.png\" class=\"attachment-full size-full wp-post-image\" alt=\"\" srcset=\"https:\/\/informebajio.com.mx\/wp-content\/uploads\/2026\/04\/wp-header-logo-24.png 950w, https:\/\/informebajio.com.mx\/wp-content\/uploads\/2026\/04\/wp-header-logo-24-300x169.png 300w, https:\/\/informebajio.com.mx\/wp-content\/uploads\/2026\/04\/wp-header-logo-24-768x432.png 768w\" sizes=\"auto, (max-width: 950px) 100vw, 950px\" \/>\t\t\t\t<\/a>\n\t\t\t<\/div>\n        \n                <div class=\"post-grid-text-wrap\">\n               \t\t\t\t<h3 class=\"title\">\n\t\t\t<a href=\"https:\/\/informebajio.com.mx\/?p=55433\">AFINAN DETALLES EN LA FENAE 2026 CON SUPERVISI\u00d3N INTEGRAL EN TODOS SUS ESPACIOS<\/a>\n\t\t<\/h3>\n\t\t\t                \t\t<div class=\"post-grid-meta\">\n\t\t\t\n\t\t\t\t<span class=\"post-date\"><time datetime=\"2026-04-03T20:24:09-06:00\">viernes, 03 abril, 2026<\/time><\/span>\n\n\t\t\t\t\n\t\t\t\t<span class=\"post-comments\">No hay comentarios<\/span>\n\n\t\t\t\t\t\t<\/div>\n\t\t\t                \t\t<div class=\"post-grid-excerpt\">\n\t\t\t<p>El Gobierno Municipal fortalece operativos de prevenci\u00f3n, seguridad y presencia vial, organizaci\u00f3n y log\u00edstica en pabellones comercial, artesanal y gastron\u00f3mico, as\u00ed como en juegos mec\u00e1nicos&hellip;<\/p>\n\t\t<\/div>\n\t\t\t                \t\t<a class=\"read-more-btn\" href=\"https:\/\/informebajio.com.mx\/?p=55433\">Leer m\u00e1s \u00bb<\/a>\n\t\t                <\/div>\n\n            <\/div><!-- .blog-inner -->\n           \n        <\/article>\n\n        \n        <article id=\"post-55427\" class=\"wpcap-post post-55427 post type-post status-publish format-standard has-post-thumbnail hentry category-san-luis-potosi\">\n         \n            <div class=\"post-grid-inner\">\n            \t\n            \t\t\t\t<div class=\"post-grid-thumbnail\">\n\t\t\t\t<a href=\"https:\/\/informebajio.com.mx\/?p=55427\">\n\t\t\t\t\t<img loading=\"lazy\" decoding=\"async\" width=\"950\" height=\"715\" src=\"https:\/\/informebajio.com.mx\/wp-content\/uploads\/2026\/04\/wp-header-logo-21.png\" class=\"attachment-full size-full wp-post-image\" alt=\"\" srcset=\"https:\/\/informebajio.com.mx\/wp-content\/uploads\/2026\/04\/wp-header-logo-21.png 950w, https:\/\/informebajio.com.mx\/wp-content\/uploads\/2026\/04\/wp-header-logo-21-300x226.png 300w, https:\/\/informebajio.com.mx\/wp-content\/uploads\/2026\/04\/wp-header-logo-21-768x578.png 768w\" sizes=\"auto, (max-width: 950px) 100vw, 950px\" \/>\t\t\t\t<\/a>\n\t\t\t<\/div>\n        \n                <div class=\"post-grid-text-wrap\">\n               \t\t\t\t<h3 class=\"title\">\n\t\t\t<a href=\"https:\/\/informebajio.com.mx\/?p=55427\">BARBUDOS-HETMAC FC, L\u00cdDER DEL GRUPO B DE LA COPA SOLEDAD<\/a>\n\t\t<\/h3>\n\t\t\t                \t\t<div class=\"post-grid-meta\">\n\t\t\t\n\t\t\t\t<span class=\"post-date\"><time datetime=\"2026-04-03T05:22:37-06:00\">viernes, 03 abril, 2026<\/time><\/span>\n\n\t\t\t\t\n\t\t\t\t<span class=\"post-comments\">No hay comentarios<\/span>\n\n\t\t\t\t\t\t<\/div>\n\t\t\t                \t\t<div class=\"post-grid-excerpt\">\n\t\t\t<p>Con dos victorias en esta Copa, la escuadra de Barbudos-Hetmac FC se apodera del liderato del sector B, perfil\u00e1ndose como uno de los favoritos para&hellip;<\/p>\n\t\t<\/div>\n\t\t\t                \t\t<a class=\"read-more-btn\" href=\"https:\/\/informebajio.com.mx\/?p=55427\">Leer m\u00e1s \u00bb<\/a>\n\t\t                <\/div>\n\n            <\/div><!-- .blog-inner -->\n           \n        <\/article>\n\n        \n\t\t\t<\/div>\n\t\t<\/div>\n\t\t\t\t<\/div>\n\t\t\t\t<\/div>\n\t\t\t\t\t<\/div>\n\t\t<\/div>\n\t\t\t\t\t\t\t<\/div>\n\t\t<\/section>\n\t\t\t\t\t\t<\/div>\n\t\t\t\t\t<\/div>\n\t\t","protected":false},"excerpt":{"rendered":"<p>San Luis Potos\u00ed<\/p>\n","protected":false},"author":1,"featured_media":0,"parent":0,"menu_order":0,"comment_status":"closed","ping_status":"closed","template":"","meta":{"_monsterinsights_skip_tracking":false,"_monsterinsights_sitenote_active":false,"_monsterinsights_sitenote_note":"","_monsterinsights_sitenote_category":0,"footnotes":""},"class_list":["post-507","page","type-page","status-publish","hentry"],"_links":{"self":[{"href":"https:\/\/informebajio.com.mx\/index.php?rest_route=\/wp\/v2\/pages\/507","targetHints":{"allow":["GET"]}}],"collection":[{"href":"https:\/\/informebajio.com.mx\/index.php?rest_route=\/wp\/v2\/pages"}],"about":[{"href":"https:\/\/informebajio.com.mx\/index.php?rest_route=\/wp\/v2\/types\/page"}],"author":[{"embeddable":true,"href":"https:\/\/informebajio.com.mx\/index.php?rest_route=\/wp\/v2\/users\/1"}],"replies":[{"embeddable":true,"href":"https:\/\/informebajio.com.mx\/index.php?rest_route=%2Fwp%2Fv2%2Fcomments&post=507"}],"version-history":[{"count":23,"href":"https:\/\/informebajio.com.mx\/index.php?rest_route=\/wp\/v2\/pages\/507\/revisions"}],"predecessor-version":[{"id":32529,"href":"https:\/\/informebajio.com.mx\/index.php?rest_route=\/wp\/v2\/pages\/507\/revisions\/32529"}],"wp:attachment":[{"href":"https:\/\/informebajio.com.mx\/index.php?rest_route=%2Fwp%2Fv2%2Fmedia&parent=507"}],"curies":[{"name":"wp","href":"https:\/\/api.w.org\/{rel}","templated":true}]}}