{"id":512,"date":"2022-12-22T15:22:03","date_gmt":"2022-12-22T15:22:03","guid":{"rendered":"https:\/\/informebajio.com.mx\/?page_id=512"},"modified":"2026-04-01T23:38:57","modified_gmt":"2026-04-02T05:38:57","slug":"san-juan-del-rio","status":"publish","type":"page","link":"https:\/\/informebajio.com.mx\/?page_id=512","title":{"rendered":"Local\/San Juan del R\u00edo"},"content":{"rendered":"\t\t<div data-elementor-type=\"wp-page\" data-elementor-id=\"512\" class=\"elementor elementor-512\" data-elementor-settings=\"[]\">\n\t\t\t\t\t\t\t<div class=\"elementor-section-wrap\">\n\t\t\t\t\t\t\t<section class=\"elementor-section elementor-top-section elementor-element elementor-element-77ab074 elementor-section-boxed elementor-section-height-default elementor-section-height-default\" data-id=\"77ab074\" data-element_type=\"section\">\n\t\t\t\t\t\t<div class=\"elementor-container elementor-column-gap-default\">\n\t\t\t\t\t<div class=\"elementor-column elementor-col-100 elementor-top-column elementor-element elementor-element-01d200c\" data-id=\"01d200c\" data-element_type=\"column\">\n\t\t\t<div class=\"elementor-widget-wrap elementor-element-populated\">\n\t\t\t\t\t\t\t\t<div class=\"elementor-element elementor-element-dc2177a elementor-widget elementor-widget-heading\" data-id=\"dc2177a\" data-element_type=\"widget\" data-widget_type=\"heading.default\">\n\t\t\t\t<div class=\"elementor-widget-container\">\n\t\t\t<style>\/*! elementor - v3.5.5 - 03-02-2022 *\/\n.elementor-heading-title{padding:0;margin:0;line-height:1}.elementor-widget-heading .elementor-heading-title[class*=elementor-size-]>a{color:inherit;font-size:inherit;line-height:inherit}.elementor-widget-heading .elementor-heading-title.elementor-size-small{font-size:15px}.elementor-widget-heading .elementor-heading-title.elementor-size-medium{font-size:19px}.elementor-widget-heading .elementor-heading-title.elementor-size-large{font-size:29px}.elementor-widget-heading .elementor-heading-title.elementor-size-xl{font-size:39px}.elementor-widget-heading .elementor-heading-title.elementor-size-xxl{font-size:59px}<\/style><h2 class=\"elementor-heading-title elementor-size-default\">San Juan Del R\u00edo<\/h2>\t\t<\/div>\n\t\t\t\t<\/div>\n\t\t\t\t<div class=\"elementor-element elementor-element-90b1c80 elementor-widget elementor-widget-image\" data-id=\"90b1c80\" data-element_type=\"widget\" data-widget_type=\"image.default\">\n\t\t\t\t<div class=\"elementor-widget-container\">\n\t\t\t<style>\/*! elementor - v3.5.5 - 03-02-2022 *\/\n.elementor-widget-image{text-align:center}.elementor-widget-image a{display:inline-block}.elementor-widget-image a img[src$=\".svg\"]{width:48px}.elementor-widget-image img{vertical-align:middle;display:inline-block}<\/style>\t\t\t\t\t\t\t\t\t\t\t\t<img loading=\"lazy\" decoding=\"async\" width=\"640\" height=\"155\" src=\"https:\/\/informebajio.com.mx\/wp-content\/uploads\/2026\/04\/INFORMEBAJIO-USEBEQ-Calor25-Actividad-2500x600-1-1024x248.jpg\" class=\"attachment-large size-large\" alt=\"\" srcset=\"https:\/\/informebajio.com.mx\/wp-content\/uploads\/2026\/04\/INFORMEBAJIO-USEBEQ-Calor25-Actividad-2500x600-1-1024x248.jpg 1024w, https:\/\/informebajio.com.mx\/wp-content\/uploads\/2026\/04\/INFORMEBAJIO-USEBEQ-Calor25-Actividad-2500x600-1-300x73.jpg 300w, https:\/\/informebajio.com.mx\/wp-content\/uploads\/2026\/04\/INFORMEBAJIO-USEBEQ-Calor25-Actividad-2500x600-1-768x186.jpg 768w, https:\/\/informebajio.com.mx\/wp-content\/uploads\/2026\/04\/INFORMEBAJIO-USEBEQ-Calor25-Actividad-2500x600-1-1536x372.jpg 1536w, https:\/\/informebajio.com.mx\/wp-content\/uploads\/2026\/04\/INFORMEBAJIO-USEBEQ-Calor25-Actividad-2500x600-1-2048x496.jpg 2048w\" sizes=\"auto, (max-width: 640px) 100vw, 640px\" \/>\t\t\t\t\t\t\t\t\t\t\t\t\t\t\t<\/div>\n\t\t\t\t<\/div>\n\t\t\t\t\t<\/div>\n\t\t<\/div>\n\t\t\t\t\t\t\t<\/div>\n\t\t<\/section>\n\t\t\t\t<section class=\"elementor-section elementor-top-section elementor-element elementor-element-f76c248 elementor-section-boxed elementor-section-height-default elementor-section-height-default\" data-id=\"f76c248\" data-element_type=\"section\">\n\t\t\t\t\t\t<div class=\"elementor-container elementor-column-gap-default\">\n\t\t\t\t\t<div class=\"elementor-column elementor-col-100 elementor-top-column elementor-element elementor-element-17fb70d\" data-id=\"17fb70d\" data-element_type=\"column\">\n\t\t\t<div class=\"elementor-widget-wrap elementor-element-populated\">\n\t\t\t\t\t\t\t\t<div class=\"elementor-element elementor-element-98d4ea3 elementor-grid-3 elementor-grid-tablet-2 elementor-grid-mobile-1 elementor-widget elementor-widget-elementor-blog-posts\" data-id=\"98d4ea3\" data-element_type=\"widget\" data-settings=\"{&quot;columns&quot;:&quot;3&quot;,&quot;columns_tablet&quot;:&quot;2&quot;,&quot;columns_mobile&quot;:&quot;1&quot;}\" data-widget_type=\"elementor-blog-posts.default\">\n\t\t\t\t<div class=\"elementor-widget-container\">\n\t\t\t\t\t<div class=\"wpcap-grid\">\n\t\t\t\t\t\t<div class=\"wpcap-grid-container elementor-grid wpcap-grid-desktop-3 wpcap-grid-tablet-2 wpcap-grid-mobile-1\">\n\n\t\t\t\t\n        <article id=\"post-46582\" class=\"wpcap-post post-46582 post type-post status-publish format-standard has-post-thumbnail hentry category-san-juan-del-rio\">\n         \n            <div class=\"post-grid-inner\">\n            \t\n            \t\t\t\t<div class=\"post-grid-thumbnail\">\n\t\t\t\t<a href=\"https:\/\/informebajio.com.mx\/?p=46582\">\n\t\t\t\t\t<img loading=\"lazy\" decoding=\"async\" width=\"1140\" height=\"712\" src=\"https:\/\/informebajio.com.mx\/wp-content\/uploads\/2024\/12\/wp-header-logo-285.png\" class=\"attachment-full size-full wp-post-image\" alt=\"\" srcset=\"https:\/\/informebajio.com.mx\/wp-content\/uploads\/2024\/12\/wp-header-logo-285.png 1140w, https:\/\/informebajio.com.mx\/wp-content\/uploads\/2024\/12\/wp-header-logo-285-300x187.png 300w, https:\/\/informebajio.com.mx\/wp-content\/uploads\/2024\/12\/wp-header-logo-285-1024x640.png 1024w, https:\/\/informebajio.com.mx\/wp-content\/uploads\/2024\/12\/wp-header-logo-285-768x480.png 768w\" sizes=\"auto, (max-width: 1140px) 100vw, 1140px\" \/>\t\t\t\t<\/a>\n\t\t\t<\/div>\n        \n                <div class=\"post-grid-text-wrap\">\n               \t\t\t\t<h3 class=\"title\">\n\t\t\t<a href=\"https:\/\/informebajio.com.mx\/?p=46582\">Charlas de Cuidado Animal impactaron a m\u00e1s de tres mil en SJR<\/a>\n\t\t<\/h3>\n\t\t\t                \t\t<div class=\"post-grid-meta\">\n\t\t\t\n\t\t\t\t<span class=\"post-date\"><time datetime=\"2024-12-11T02:59:10-06:00\">mi\u00e9rcoles, 11 diciembre, 2024<\/time><\/span>\n\n\t\t\t\t\n\t\t\t\t<span class=\"post-comments\">No hay comentarios<\/span>\n\n\t\t\t\t\t\t<\/div>\n\t\t\t                \t\t<div class=\"post-grid-excerpt\">\n\t\t\t<p>A trav\u00e9s de diferentes platicas informativas para el evitar la violencia de mascotas, el \u00e1rea de Cuidado Animal del municipio de San Juan del R\u00edo,&hellip;<\/p>\n\t\t<\/div>\n\t\t\t                \t\t<a class=\"read-more-btn\" href=\"https:\/\/informebajio.com.mx\/?p=46582\">Leer m\u00e1s \u00bb<\/a>\n\t\t                <\/div>\n\n            <\/div><!-- .blog-inner -->\n           \n        <\/article>\n\n        \n        <article id=\"post-46572\" class=\"wpcap-post post-46572 post type-post status-publish format-standard has-post-thumbnail hentry category-san-juan-del-rio\">\n         \n            <div class=\"post-grid-inner\">\n            \t\n            \t\t\t\t<div class=\"post-grid-thumbnail\">\n\t\t\t\t<a href=\"https:\/\/informebajio.com.mx\/?p=46572\">\n\t\t\t\t\t<img loading=\"lazy\" decoding=\"async\" width=\"1140\" height=\"712\" src=\"https:\/\/informebajio.com.mx\/wp-content\/uploads\/2024\/12\/wp-header-logo-280.png\" class=\"attachment-full size-full wp-post-image\" alt=\"\" srcset=\"https:\/\/informebajio.com.mx\/wp-content\/uploads\/2024\/12\/wp-header-logo-280.png 1140w, https:\/\/informebajio.com.mx\/wp-content\/uploads\/2024\/12\/wp-header-logo-280-300x187.png 300w, https:\/\/informebajio.com.mx\/wp-content\/uploads\/2024\/12\/wp-header-logo-280-1024x640.png 1024w, https:\/\/informebajio.com.mx\/wp-content\/uploads\/2024\/12\/wp-header-logo-280-768x480.png 768w\" sizes=\"auto, (max-width: 1140px) 100vw, 1140px\" \/>\t\t\t\t<\/a>\n\t\t\t<\/div>\n        \n                <div class=\"post-grid-text-wrap\">\n               \t\t\t\t<h3 class=\"title\">\n\t\t\t<a href=\"https:\/\/informebajio.com.mx\/?p=46572\">Continuar\u00e1 proyecto de Co-Mural<\/a>\n\t\t<\/h3>\n\t\t\t                \t\t<div class=\"post-grid-meta\">\n\t\t\t\n\t\t\t\t<span class=\"post-date\"><time datetime=\"2024-12-10T20:58:55-06:00\">martes, 10 diciembre, 2024<\/time><\/span>\n\n\t\t\t\t\n\t\t\t\t<span class=\"post-comments\">No hay comentarios<\/span>\n\n\t\t\t\t\t\t<\/div>\n\t\t\t                \t\t<div class=\"post-grid-excerpt\">\n\t\t\t<p>La Direcci\u00f3n Municipal de la Juventud de San Juan del R\u00edo dar\u00e1 continuidad al proyecto \u201cCo-mural: tierra y color\u201d, una iniciativa que comenz\u00f3 desde la&hellip;<\/p>\n\t\t<\/div>\n\t\t\t                \t\t<a class=\"read-more-btn\" href=\"https:\/\/informebajio.com.mx\/?p=46572\">Leer m\u00e1s \u00bb<\/a>\n\t\t                <\/div>\n\n            <\/div><!-- .blog-inner -->\n           \n        <\/article>\n\n        \n        <article id=\"post-46558\" class=\"wpcap-post post-46558 post type-post status-publish format-standard has-post-thumbnail hentry category-san-juan-del-rio\">\n         \n            <div class=\"post-grid-inner\">\n            \t\n            \t\t\t\t<div class=\"post-grid-thumbnail\">\n\t\t\t\t<a href=\"https:\/\/informebajio.com.mx\/?p=46558\">\n\t\t\t\t\t<img loading=\"lazy\" decoding=\"async\" width=\"1140\" height=\"712\" src=\"https:\/\/informebajio.com.mx\/wp-content\/uploads\/2024\/12\/wp-header-logo-273.png\" class=\"attachment-full size-full wp-post-image\" alt=\"\" srcset=\"https:\/\/informebajio.com.mx\/wp-content\/uploads\/2024\/12\/wp-header-logo-273.png 1140w, https:\/\/informebajio.com.mx\/wp-content\/uploads\/2024\/12\/wp-header-logo-273-300x187.png 300w, https:\/\/informebajio.com.mx\/wp-content\/uploads\/2024\/12\/wp-header-logo-273-1024x640.png 1024w, https:\/\/informebajio.com.mx\/wp-content\/uploads\/2024\/12\/wp-header-logo-273-768x480.png 768w\" sizes=\"auto, (max-width: 1140px) 100vw, 1140px\" \/>\t\t\t\t<\/a>\n\t\t\t<\/div>\n        \n                <div class=\"post-grid-text-wrap\">\n               \t\t\t\t<h3 class=\"title\">\n\t\t\t<a href=\"https:\/\/informebajio.com.mx\/?p=46558\">Ganaderos trabajan contra el clembuterol<\/a>\n\t\t<\/h3>\n\t\t\t                \t\t<div class=\"post-grid-meta\">\n\t\t\t\n\t\t\t\t<span class=\"post-date\"><time datetime=\"2024-12-10T14:57:59-06:00\">martes, 10 diciembre, 2024<\/time><\/span>\n\n\t\t\t\t\n\t\t\t\t<span class=\"post-comments\">No hay comentarios<\/span>\n\n\t\t\t\t\t\t<\/div>\n\t\t\t                \t\t<div class=\"post-grid-excerpt\">\n\t\t\t<p>Ganaderos de los diferentes municipios de Quer\u00e9taro han trabajado para certificar que sus productos est\u00e9n libres de clembuterol, y con ello garantizar la calidad de&hellip;<\/p>\n\t\t<\/div>\n\t\t\t                \t\t<a class=\"read-more-btn\" href=\"https:\/\/informebajio.com.mx\/?p=46558\">Leer m\u00e1s \u00bb<\/a>\n\t\t                <\/div>\n\n            <\/div><!-- .blog-inner -->\n           \n        <\/article>\n\n        \n\t\t\t<\/div>\n\t\t<\/div>\n\t\t\t\t<\/div>\n\t\t\t\t<\/div>\n\t\t\t\t\t<\/div>\n\t\t<\/div>\n\t\t\t\t\t\t\t<\/div>\n\t\t<\/section>\n\t\t\t\t<section class=\"elementor-section elementor-top-section elementor-element elementor-element-5a0a93d elementor-section-boxed elementor-section-height-default elementor-section-height-default\" data-id=\"5a0a93d\" data-element_type=\"section\">\n\t\t\t\t\t\t<div class=\"elementor-container elementor-column-gap-default\">\n\t\t\t\t\t<div class=\"elementor-column elementor-col-100 elementor-top-column elementor-element elementor-element-408b4e9\" data-id=\"408b4e9\" data-element_type=\"column\">\n\t\t\t<div class=\"elementor-widget-wrap\">\n\t\t\t\t\t\t\t\t\t<\/div>\n\t\t<\/div>\n\t\t\t\t\t\t\t<\/div>\n\t\t<\/section>\n\t\t\t\t<section class=\"elementor-section elementor-top-section elementor-element elementor-element-d1c4e54 elementor-section-boxed elementor-section-height-default elementor-section-height-default\" data-id=\"d1c4e54\" data-element_type=\"section\">\n\t\t\t\t\t\t<div class=\"elementor-container elementor-column-gap-default\">\n\t\t\t\t\t<div class=\"elementor-column elementor-col-100 elementor-top-column elementor-element elementor-element-38055de\" data-id=\"38055de\" data-element_type=\"column\">\n\t\t\t<div class=\"elementor-widget-wrap\">\n\t\t\t\t\t\t\t\t\t<\/div>\n\t\t<\/div>\n\t\t\t\t\t\t\t<\/div>\n\t\t<\/section>\n\t\t\t\t<section class=\"elementor-section elementor-top-section elementor-element elementor-element-4f3f422 elementor-section-boxed elementor-section-height-default elementor-section-height-default\" data-id=\"4f3f422\" data-element_type=\"section\">\n\t\t\t\t\t\t<div class=\"elementor-container elementor-column-gap-default\">\n\t\t\t\t\t<div class=\"elementor-column elementor-col-100 elementor-top-column elementor-element elementor-element-da41473\" data-id=\"da41473\" data-element_type=\"column\">\n\t\t\t<div class=\"elementor-widget-wrap\">\n\t\t\t\t\t\t\t\t\t<\/div>\n\t\t<\/div>\n\t\t\t\t\t\t\t<\/div>\n\t\t<\/section>\n\t\t\t\t\t\t<\/div>\n\t\t\t\t\t<\/div>\n\t\t","protected":false},"excerpt":{"rendered":"<p>San Juan Del R\u00edo Charlas de Cuidado Animal impactaron a m\u00e1s de tres mil en SJR mi\u00e9rcoles, 11 diciembre, 2024 No hay comentarios A trav\u00e9s de diferentes platicas informativas para el evitar la violencia de mascotas, el \u00e1rea de Cuidado Animal del municipio de San Juan del R\u00edo, ha logrado impactar a un total de [&hellip;]<\/p>\n","protected":false},"author":1,"featured_media":0,"parent":0,"menu_order":0,"comment_status":"closed","ping_status":"closed","template":"","meta":{"_monsterinsights_skip_tracking":false,"_monsterinsights_sitenote_active":false,"_monsterinsights_sitenote_note":"","_monsterinsights_sitenote_category":0,"footnotes":""},"class_list":["post-512","page","type-page","status-publish","hentry"],"_links":{"self":[{"href":"https:\/\/informebajio.com.mx\/index.php?rest_route=\/wp\/v2\/pages\/512","targetHints":{"allow":["GET"]}}],"collection":[{"href":"https:\/\/informebajio.com.mx\/index.php?rest_route=\/wp\/v2\/pages"}],"about":[{"href":"https:\/\/informebajio.com.mx\/index.php?rest_route=\/wp\/v2\/types\/page"}],"author":[{"embeddable":true,"href":"https:\/\/informebajio.com.mx\/index.php?rest_route=\/wp\/v2\/users\/1"}],"replies":[{"embeddable":true,"href":"https:\/\/informebajio.com.mx\/index.php?rest_route=%2Fwp%2Fv2%2Fcomments&post=512"}],"version-history":[{"count":86,"href":"https:\/\/informebajio.com.mx\/index.php?rest_route=\/wp\/v2\/pages\/512\/revisions"}],"predecessor-version":[{"id":55408,"href":"https:\/\/informebajio.com.mx\/index.php?rest_route=\/wp\/v2\/pages\/512\/revisions\/55408"}],"wp:attachment":[{"href":"https:\/\/informebajio.com.mx\/index.php?rest_route=%2Fwp%2Fv2%2Fmedia&parent=512"}],"curies":[{"name":"wp","href":"https:\/\/api.w.org\/{rel}","templated":true}]}}