{"id":531,"date":"2022-12-22T15:57:09","date_gmt":"2022-12-22T15:57:09","guid":{"rendered":"https:\/\/informebajio.com.mx\/?page_id=531"},"modified":"2023-03-07T21:07:38","modified_gmt":"2023-03-08T03:07:38","slug":"michoacan","status":"publish","type":"page","link":"https:\/\/informebajio.com.mx\/?page_id=531","title":{"rendered":"Local \/ Michoac\u00e1n"},"content":{"rendered":"\t\t<div data-elementor-type=\"wp-page\" data-elementor-id=\"531\" class=\"elementor elementor-531\" data-elementor-settings=\"[]\">\n\t\t\t\t\t\t\t<div class=\"elementor-section-wrap\">\n\t\t\t\t\t\t\t<section class=\"elementor-section elementor-top-section elementor-element elementor-element-8dbe952 elementor-section-boxed elementor-section-height-default elementor-section-height-default\" data-id=\"8dbe952\" data-element_type=\"section\">\n\t\t\t\t\t\t<div class=\"elementor-container elementor-column-gap-default\">\n\t\t\t\t\t<div class=\"elementor-column elementor-col-100 elementor-top-column elementor-element elementor-element-c0d02ac\" data-id=\"c0d02ac\" data-element_type=\"column\">\n\t\t\t<div class=\"elementor-widget-wrap elementor-element-populated\">\n\t\t\t\t\t\t\t\t<div class=\"elementor-element elementor-element-26ca596 elementor-widget elementor-widget-heading\" data-id=\"26ca596\" data-element_type=\"widget\" data-widget_type=\"heading.default\">\n\t\t\t\t<div class=\"elementor-widget-container\">\n\t\t\t<style>\/*! elementor - v3.5.5 - 03-02-2022 *\/\n.elementor-heading-title{padding:0;margin:0;line-height:1}.elementor-widget-heading .elementor-heading-title[class*=elementor-size-]>a{color:inherit;font-size:inherit;line-height:inherit}.elementor-widget-heading .elementor-heading-title.elementor-size-small{font-size:15px}.elementor-widget-heading .elementor-heading-title.elementor-size-medium{font-size:19px}.elementor-widget-heading .elementor-heading-title.elementor-size-large{font-size:29px}.elementor-widget-heading .elementor-heading-title.elementor-size-xl{font-size:39px}.elementor-widget-heading .elementor-heading-title.elementor-size-xxl{font-size:59px}<\/style><h2 class=\"elementor-heading-title elementor-size-default\">Michoac\u00e1n<\/h2>\t\t<\/div>\n\t\t\t\t<\/div>\n\t\t\t\t\t<\/div>\n\t\t<\/div>\n\t\t\t\t\t\t\t<\/div>\n\t\t<\/section>\n\t\t\t\t<section class=\"elementor-section elementor-top-section elementor-element elementor-element-f1baa8c elementor-section-boxed elementor-section-height-default elementor-section-height-default\" data-id=\"f1baa8c\" data-element_type=\"section\">\n\t\t\t\t\t\t<div class=\"elementor-container elementor-column-gap-default\">\n\t\t\t\t\t<div class=\"elementor-column elementor-col-100 elementor-top-column elementor-element elementor-element-bfff321\" data-id=\"bfff321\" data-element_type=\"column\">\n\t\t\t<div class=\"elementor-widget-wrap elementor-element-populated\">\n\t\t\t\t\t\t\t\t<div class=\"elementor-element elementor-element-c364834 elementor-widget elementor-widget-image\" data-id=\"c364834\" data-element_type=\"widget\" data-widget_type=\"image.default\">\n\t\t\t\t<div class=\"elementor-widget-container\">\n\t\t\t<style>\/*! elementor - v3.5.5 - 03-02-2022 *\/\n.elementor-widget-image{text-align:center}.elementor-widget-image a{display:inline-block}.elementor-widget-image a img[src$=\".svg\"]{width:48px}.elementor-widget-image img{vertical-align:middle;display:inline-block}<\/style>\t\t\t\t\t\t\t\t\t\t\t\t<img loading=\"lazy\" decoding=\"async\" width=\"640\" height=\"155\" src=\"https:\/\/informebajio.com.mx\/wp-content\/uploads\/2023\/01\/publicidad_4-1024x248.png\" class=\"attachment-large size-large\" alt=\"\" srcset=\"https:\/\/informebajio.com.mx\/wp-content\/uploads\/2023\/01\/publicidad_4-1024x248.png 1024w, https:\/\/informebajio.com.mx\/wp-content\/uploads\/2023\/01\/publicidad_4-300x73.png 300w, https:\/\/informebajio.com.mx\/wp-content\/uploads\/2023\/01\/publicidad_4-768x186.png 768w, https:\/\/informebajio.com.mx\/wp-content\/uploads\/2023\/01\/publicidad_4.png 1250w\" sizes=\"auto, (max-width: 640px) 100vw, 640px\" \/>\t\t\t\t\t\t\t\t\t\t\t\t\t\t\t<\/div>\n\t\t\t\t<\/div>\n\t\t\t\t\t<\/div>\n\t\t<\/div>\n\t\t\t\t\t\t\t<\/div>\n\t\t<\/section>\n\t\t\t\t<section class=\"elementor-section elementor-top-section elementor-element elementor-element-4010cbe elementor-section-boxed elementor-section-height-default elementor-section-height-default\" data-id=\"4010cbe\" data-element_type=\"section\">\n\t\t\t\t\t\t<div class=\"elementor-container elementor-column-gap-default\">\n\t\t\t\t\t<div class=\"elementor-column elementor-col-100 elementor-top-column elementor-element elementor-element-9f95470\" data-id=\"9f95470\" data-element_type=\"column\">\n\t\t\t<div class=\"elementor-widget-wrap elementor-element-populated\">\n\t\t\t\t\t\t\t\t<div class=\"elementor-element elementor-element-c1036e6 elementor-grid-3 elementor-grid-tablet-2 elementor-grid-mobile-1 elementor-widget elementor-widget-elementor-blog-posts\" data-id=\"c1036e6\" data-element_type=\"widget\" data-settings=\"{&quot;columns&quot;:&quot;3&quot;,&quot;columns_tablet&quot;:&quot;2&quot;,&quot;columns_mobile&quot;:&quot;1&quot;}\" data-widget_type=\"elementor-blog-posts.default\">\n\t\t\t\t<div class=\"elementor-widget-container\">\n\t\t\t\t\t<div class=\"wpcap-grid\">\n\t\t\t\t\t\t<div class=\"wpcap-grid-container elementor-grid wpcap-grid-desktop-3 wpcap-grid-tablet-2 wpcap-grid-mobile-1\">\n\n\t\t\t\t\n        <article id=\"post-55527\" class=\"wpcap-post post-55527 post type-post status-publish format-standard has-post-thumbnail hentry category-michoacan\">\n         \n            <div class=\"post-grid-inner\">\n            \t\n            \t\t\t\t<div class=\"post-grid-thumbnail\">\n\t\t\t\t<a href=\"https:\/\/informebajio.com.mx\/?p=55527\">\n\t\t\t\t\t<img decoding=\"async\" src=\"https:\/\/informebajio.com.mx\/wp-content\/uploads\/2026\/04\/wp-header-logo-71.png\" class=\"attachment-full size-full wp-post-image\" alt=\"\" \/>\t\t\t\t<\/a>\n\t\t\t<\/div>\n        \n                <div class=\"post-grid-text-wrap\">\n               \t\t\t\t<h3 class=\"title\">\n\t\t\t<a href=\"https:\/\/informebajio.com.mx\/?p=55527\">El exgobernador Silvano Aureoles, buscado por homicidio en un caso de hace nueve a\u00f1os en Michoac\u00e1n<\/a>\n\t\t<\/h3>\n\t\t\t                \t\t<div class=\"post-grid-meta\">\n\t\t\t\n\t\t\t\t<span class=\"post-date\"><time datetime=\"2026-04-09T05:43:46-06:00\">jueves, 09 abril, 2026<\/time><\/span>\n\n\t\t\t\t\n\t\t\t\t<span class=\"post-comments\">No hay comentarios<\/span>\n\n\t\t\t\t\t\t<\/div>\n\t\t\t                \t\t<div class=\"post-grid-excerpt\">\n\t\t\t<p>Un juez de Michoac\u00e1n ha emitido este viernes una orden de detenci\u00f3n contra el exgobernador del Estado Silvano Aureoles, que se encuentra pr\u00f3fugo de la&hellip;<\/p>\n\t\t<\/div>\n\t\t\t                \t\t<a class=\"read-more-btn\" href=\"https:\/\/informebajio.com.mx\/?p=55527\">Leer m\u00e1s \u00bb<\/a>\n\t\t                <\/div>\n\n            <\/div><!-- .blog-inner -->\n           \n        <\/article>\n\n        \n        <article id=\"post-55493\" class=\"wpcap-post post-55493 post type-post status-publish format-standard has-post-thumbnail hentry category-michoacan\">\n         \n            <div class=\"post-grid-inner\">\n            \t\n            \t\t\t\t<div class=\"post-grid-thumbnail\">\n\t\t\t\t<a href=\"https:\/\/informebajio.com.mx\/?p=55493\">\n\t\t\t\t\t<img decoding=\"async\" src=\"https:\/\/informebajio.com.mx\/wp-content\/uploads\/2026\/04\/wp-header-logo-54.png\" class=\"attachment-full size-full wp-post-image\" alt=\"\" \/>\t\t\t\t<\/a>\n\t\t\t<\/div>\n        \n                <div class=\"post-grid-text-wrap\">\n               \t\t\t\t<h3 class=\"title\">\n\t\t\t<a href=\"https:\/\/informebajio.com.mx\/?p=55493\">La Marina detiene una embarcaci\u00f3n en Michoac\u00e1n con 650 kilogramos de coca\u00edna<\/a>\n\t\t<\/h3>\n\t\t\t                \t\t<div class=\"post-grid-meta\">\n\t\t\t\n\t\t\t\t<span class=\"post-date\"><time datetime=\"2026-04-07T13:40:39-06:00\">martes, 07 abril, 2026<\/time><\/span>\n\n\t\t\t\t\n\t\t\t\t<span class=\"post-comments\">No hay comentarios<\/span>\n\n\t\t\t\t\t\t<\/div>\n\t\t\t                \t\t<div class=\"post-grid-excerpt\">\n\t\t\t<p>La Marina ha hecho gala de otro decomiso de coca\u00edna en las costas mexicanas, esta vez en Michoac\u00e1n. Las autoridades han detenido a una embarcaci\u00f3n&hellip;<\/p>\n\t\t<\/div>\n\t\t\t                \t\t<a class=\"read-more-btn\" href=\"https:\/\/informebajio.com.mx\/?p=55493\">Leer m\u00e1s \u00bb<\/a>\n\t\t                <\/div>\n\n            <\/div><!-- .blog-inner -->\n           \n        <\/article>\n\n        \n        <article id=\"post-55429\" class=\"wpcap-post post-55429 post type-post status-publish format-standard has-post-thumbnail hentry category-michoacan\">\n         \n            <div class=\"post-grid-inner\">\n            \t\n            \t\t\t\t<div class=\"post-grid-thumbnail\">\n\t\t\t\t<a href=\"https:\/\/informebajio.com.mx\/?p=55429\">\n\t\t\t\t\t<img decoding=\"async\" src=\"https:\/\/informebajio.com.mx\/wp-content\/uploads\/2026\/04\/wp-header-logo-22.png\" class=\"attachment-full size-full wp-post-image\" alt=\"\" \/>\t\t\t\t<\/a>\n\t\t\t<\/div>\n        \n                <div class=\"post-grid-text-wrap\">\n               \t\t\t\t<h3 class=\"title\">\n\t\t\t<a href=\"https:\/\/informebajio.com.mx\/?p=55429\">La violencia del mundo \u2018incel\u2019 golpea de nuevo a las aulas mexicanas<\/a>\n\t\t<\/h3>\n\t\t\t                \t\t<div class=\"post-grid-meta\">\n\t\t\t\n\t\t\t\t<span class=\"post-date\"><time datetime=\"2026-04-03T09:37:01-06:00\">viernes, 03 abril, 2026<\/time><\/span>\n\n\t\t\t\t\n\t\t\t\t<span class=\"post-comments\">No hay comentarios<\/span>\n\n\t\t\t\t\t\t<\/div>\n\t\t\t                \t\t<div class=\"post-grid-excerpt\">\n\t\t\t<p>Nueve horas antes del ataque, Osmer H., de 15 a\u00f1os, se grab\u00f3 frente al espejo vestido de negro con un fusil AR-15 en mano. Public\u00f3&hellip;<\/p>\n\t\t<\/div>\n\t\t\t                \t\t<a class=\"read-more-btn\" href=\"https:\/\/informebajio.com.mx\/?p=55429\">Leer m\u00e1s \u00bb<\/a>\n\t\t                <\/div>\n\n            <\/div><!-- .blog-inner -->\n           \n        <\/article>\n\n        \n\t\t\t<\/div>\n\t\t<\/div>\n\t\t\t\t<\/div>\n\t\t\t\t<\/div>\n\t\t\t\t\t<\/div>\n\t\t<\/div>\n\t\t\t\t\t\t\t<\/div>\n\t\t<\/section>\n\t\t\t\t\t\t<\/div>\n\t\t\t\t\t<\/div>\n\t\t","protected":false},"excerpt":{"rendered":"<p>Michoac\u00e1n El hurac\u00e1n Kay de categor\u00eda 2 avanza hacia Baja California y deja al menos tres muertos viernes, 06 enero, 2023 No hay comentarios El hurac\u00e1n Kay ha alcanzado durante la noche la categor\u00eda 2 y se prev\u00e9 que ascienda a categor\u00eda 3 durante el d\u00eda de hoy, a\u2026 Leer m\u00e1s \u00bb Sevina renueva Concejo [&hellip;]<\/p>\n","protected":false},"author":1,"featured_media":0,"parent":0,"menu_order":0,"comment_status":"closed","ping_status":"closed","template":"","meta":{"_monsterinsights_skip_tracking":false,"_monsterinsights_sitenote_active":false,"_monsterinsights_sitenote_note":"","_monsterinsights_sitenote_category":0,"footnotes":""},"class_list":["post-531","page","type-page","status-publish","hentry"],"_links":{"self":[{"href":"https:\/\/informebajio.com.mx\/index.php?rest_route=\/wp\/v2\/pages\/531","targetHints":{"allow":["GET"]}}],"collection":[{"href":"https:\/\/informebajio.com.mx\/index.php?rest_route=\/wp\/v2\/pages"}],"about":[{"href":"https:\/\/informebajio.com.mx\/index.php?rest_route=\/wp\/v2\/types\/page"}],"author":[{"embeddable":true,"href":"https:\/\/informebajio.com.mx\/index.php?rest_route=\/wp\/v2\/users\/1"}],"replies":[{"embeddable":true,"href":"https:\/\/informebajio.com.mx\/index.php?rest_route=%2Fwp%2Fv2%2Fcomments&post=531"}],"version-history":[{"count":17,"href":"https:\/\/informebajio.com.mx\/index.php?rest_route=\/wp\/v2\/pages\/531\/revisions"}],"predecessor-version":[{"id":5188,"href":"https:\/\/informebajio.com.mx\/index.php?rest_route=\/wp\/v2\/pages\/531\/revisions\/5188"}],"wp:attachment":[{"href":"https:\/\/informebajio.com.mx\/index.php?rest_route=%2Fwp%2Fv2%2Fmedia&parent=531"}],"curies":[{"name":"wp","href":"https:\/\/api.w.org\/{rel}","templated":true}]}}