{"id":541,"date":"2022-12-22T15:58:41","date_gmt":"2022-12-22T15:58:41","guid":{"rendered":"https:\/\/informebajio.com.mx\/?page_id=541"},"modified":"2023-07-29T20:39:20","modified_gmt":"2023-07-30T01:39:20","slug":"cultura","status":"publish","type":"page","link":"https:\/\/informebajio.com.mx\/?page_id=541","title":{"rendered":"Cultura"},"content":{"rendered":"\t\t<div data-elementor-type=\"wp-page\" data-elementor-id=\"541\" class=\"elementor elementor-541\" data-elementor-settings=\"[]\">\n\t\t\t\t\t\t\t<div class=\"elementor-section-wrap\">\n\t\t\t\t\t\t\t<section class=\"elementor-section elementor-top-section elementor-element elementor-element-8f5cf5b elementor-section-boxed elementor-section-height-default elementor-section-height-default\" data-id=\"8f5cf5b\" data-element_type=\"section\">\n\t\t\t\t\t\t<div class=\"elementor-container elementor-column-gap-default\">\n\t\t\t\t\t<div class=\"elementor-column elementor-col-100 elementor-top-column elementor-element elementor-element-08a5218\" data-id=\"08a5218\" data-element_type=\"column\">\n\t\t\t<div class=\"elementor-widget-wrap elementor-element-populated\">\n\t\t\t\t\t\t\t\t<div class=\"elementor-element elementor-element-135ebb7 elementor-widget elementor-widget-heading\" data-id=\"135ebb7\" data-element_type=\"widget\" data-widget_type=\"heading.default\">\n\t\t\t\t<div class=\"elementor-widget-container\">\n\t\t\t<style>\/*! elementor - v3.5.5 - 03-02-2022 *\/\n.elementor-heading-title{padding:0;margin:0;line-height:1}.elementor-widget-heading .elementor-heading-title[class*=elementor-size-]>a{color:inherit;font-size:inherit;line-height:inherit}.elementor-widget-heading .elementor-heading-title.elementor-size-small{font-size:15px}.elementor-widget-heading .elementor-heading-title.elementor-size-medium{font-size:19px}.elementor-widget-heading .elementor-heading-title.elementor-size-large{font-size:29px}.elementor-widget-heading .elementor-heading-title.elementor-size-xl{font-size:39px}.elementor-widget-heading .elementor-heading-title.elementor-size-xxl{font-size:59px}<\/style><h2 class=\"elementor-heading-title elementor-size-default\">Cultura<\/h2>\t\t<\/div>\n\t\t\t\t<\/div>\n\t\t\t\t\t<\/div>\n\t\t<\/div>\n\t\t\t\t\t\t\t<\/div>\n\t\t<\/section>\n\t\t\t\t<section class=\"elementor-section elementor-top-section elementor-element elementor-element-6c6513f elementor-section-boxed elementor-section-height-default elementor-section-height-default\" data-id=\"6c6513f\" data-element_type=\"section\">\n\t\t\t\t\t\t<div class=\"elementor-container elementor-column-gap-default\">\n\t\t\t\t\t<div class=\"elementor-column elementor-col-100 elementor-top-column elementor-element elementor-element-f598866\" data-id=\"f598866\" data-element_type=\"column\">\n\t\t\t<div class=\"elementor-widget-wrap elementor-element-populated\">\n\t\t\t\t\t\t\t\t<div class=\"elementor-element elementor-element-8cce5bc elementor-widget elementor-widget-image\" data-id=\"8cce5bc\" data-element_type=\"widget\" data-widget_type=\"image.default\">\n\t\t\t\t<div class=\"elementor-widget-container\">\n\t\t\t<style>\/*! elementor - v3.5.5 - 03-02-2022 *\/\n.elementor-widget-image{text-align:center}.elementor-widget-image a{display:inline-block}.elementor-widget-image a img[src$=\".svg\"]{width:48px}.elementor-widget-image img{vertical-align:middle;display:inline-block}<\/style>\t\t\t\t\t\t\t\t\t\t\t\t<img loading=\"lazy\" decoding=\"async\" width=\"640\" height=\"155\" src=\"https:\/\/informebajio.com.mx\/wp-content\/uploads\/2023\/01\/publicidad_4-1024x248.png\" class=\"attachment-large size-large\" alt=\"\" srcset=\"https:\/\/informebajio.com.mx\/wp-content\/uploads\/2023\/01\/publicidad_4-1024x248.png 1024w, https:\/\/informebajio.com.mx\/wp-content\/uploads\/2023\/01\/publicidad_4-300x73.png 300w, https:\/\/informebajio.com.mx\/wp-content\/uploads\/2023\/01\/publicidad_4-768x186.png 768w, https:\/\/informebajio.com.mx\/wp-content\/uploads\/2023\/01\/publicidad_4.png 1250w\" sizes=\"auto, (max-width: 640px) 100vw, 640px\" \/>\t\t\t\t\t\t\t\t\t\t\t\t\t\t\t<\/div>\n\t\t\t\t<\/div>\n\t\t\t\t\t<\/div>\n\t\t<\/div>\n\t\t\t\t\t\t\t<\/div>\n\t\t<\/section>\n\t\t\t\t<section class=\"elementor-section elementor-top-section elementor-element elementor-element-3d64aa6 elementor-section-boxed elementor-section-height-default elementor-section-height-default\" data-id=\"3d64aa6\" data-element_type=\"section\">\n\t\t\t\t\t\t<div class=\"elementor-container elementor-column-gap-default\">\n\t\t\t\t\t<div class=\"elementor-column elementor-col-100 elementor-top-column elementor-element elementor-element-d70bf97\" data-id=\"d70bf97\" data-element_type=\"column\">\n\t\t\t<div class=\"elementor-widget-wrap elementor-element-populated\">\n\t\t\t\t\t\t\t\t<div class=\"elementor-element elementor-element-6aa5afe elementor-grid-3 elementor-grid-tablet-2 elementor-grid-mobile-1 elementor-widget elementor-widget-elementor-blog-posts\" data-id=\"6aa5afe\" data-element_type=\"widget\" data-settings=\"{&quot;columns&quot;:&quot;3&quot;,&quot;columns_tablet&quot;:&quot;2&quot;,&quot;columns_mobile&quot;:&quot;1&quot;}\" data-widget_type=\"elementor-blog-posts.default\">\n\t\t\t\t<div class=\"elementor-widget-container\">\n\t\t\t\t\t<div class=\"wpcap-grid\">\n\t\t\t\t\t\t<div class=\"wpcap-grid-container elementor-grid wpcap-grid-desktop-3 wpcap-grid-tablet-2 wpcap-grid-mobile-1\">\n\n\t\t\t\t\n        <article id=\"post-54897\" class=\"wpcap-post post-54897 post type-post status-publish format-standard has-post-thumbnail hentry category-cultura\">\n         \n            <div class=\"post-grid-inner\">\n            \t\n            \t\t\t\t<div class=\"post-grid-thumbnail\">\n\t\t\t\t<a href=\"https:\/\/informebajio.com.mx\/?p=54897\">\n\t\t\t\t\t<img loading=\"lazy\" decoding=\"async\" width=\"1280\" height=\"960\" src=\"https:\/\/informebajio.com.mx\/wp-content\/uploads\/2026\/03\/wp-header-logo-24.png\" class=\"attachment-full size-full wp-post-image\" alt=\"\" srcset=\"https:\/\/informebajio.com.mx\/wp-content\/uploads\/2026\/03\/wp-header-logo-24.png 1280w, https:\/\/informebajio.com.mx\/wp-content\/uploads\/2026\/03\/wp-header-logo-24-300x225.png 300w, https:\/\/informebajio.com.mx\/wp-content\/uploads\/2026\/03\/wp-header-logo-24-1024x768.png 1024w, https:\/\/informebajio.com.mx\/wp-content\/uploads\/2026\/03\/wp-header-logo-24-768x576.png 768w\" sizes=\"auto, (max-width: 1280px) 100vw, 1280px\" \/>\t\t\t\t<\/a>\n\t\t\t<\/div>\n        \n                <div class=\"post-grid-text-wrap\">\n               \t\t\t\t<h3 class=\"title\">\n\t\t\t<a href=\"https:\/\/informebajio.com.mx\/?p=54897\">Tips de Viaje: qu\u00e9 puedes encontrar en Bernal y que no<\/a>\n\t\t<\/h3>\n\t\t\t                \t                \t\t<div class=\"post-grid-excerpt\">\n\t\t\t<p>Lo que s\u00ed vas a encontrar en Bernal son una gran variedad de HOTELES de varios tama\u00f1os y categor\u00edas (aunque&hellip;<\/p>\n\t\t<\/div>\n\t\t\t                \t\t<a class=\"read-more-btn\" href=\"https:\/\/informebajio.com.mx\/?p=54897\">Leer m\u00e1s \u00bb<\/a>\n\t\t                <\/div>\n\n            <\/div><!-- .blog-inner -->\n           \n        <\/article>\n\n        \n        <article id=\"post-54052\" class=\"wpcap-post post-54052 post type-post status-publish format-standard has-post-thumbnail hentry category-cultura\">\n         \n            <div class=\"post-grid-inner\">\n            \t\n            \t\t\t\t<div class=\"post-grid-thumbnail\">\n\t\t\t\t<a href=\"https:\/\/informebajio.com.mx\/?p=54052\">\n\t\t\t\t\t<img loading=\"lazy\" decoding=\"async\" width=\"480\" height=\"360\" src=\"https:\/\/informebajio.com.mx\/wp-content\/uploads\/2026\/01\/wp-header-logo-118.png\" class=\"attachment-full size-full wp-post-image\" alt=\"\" srcset=\"https:\/\/informebajio.com.mx\/wp-content\/uploads\/2026\/01\/wp-header-logo-118.png 480w, https:\/\/informebajio.com.mx\/wp-content\/uploads\/2026\/01\/wp-header-logo-118-300x225.png 300w\" sizes=\"auto, (max-width: 480px) 100vw, 480px\" \/>\t\t\t\t<\/a>\n\t\t\t<\/div>\n        \n                <div class=\"post-grid-text-wrap\">\n               \t\t\t\t<h3 class=\"title\">\n\t\t\t<a href=\"https:\/\/informebajio.com.mx\/?p=54052\">Vuelo directo Quer\u00e9taro\u2013Madrid: una alternativa estrat\u00e9gica para viajar entre M\u00e9xico y Espa\u00f1a<\/a>\n\t\t<\/h3>\n\t\t\t                \t                \t\t<div class=\"post-grid-excerpt\">\n\t\t\t<p>Para quienes amamos viajar y vivir nuevas experiencias, esta conexi\u00f3n abre una ventana real de posibilidades.El vuelo directo entre Quer\u00e9taro&hellip;<\/p>\n\t\t<\/div>\n\t\t\t                \t\t<a class=\"read-more-btn\" href=\"https:\/\/informebajio.com.mx\/?p=54052\">Leer m\u00e1s \u00bb<\/a>\n\t\t                <\/div>\n\n            <\/div><!-- .blog-inner -->\n           \n        <\/article>\n\n        \n        <article id=\"post-53914\" class=\"wpcap-post post-53914 post type-post status-publish format-standard has-post-thumbnail hentry category-cultura\">\n         \n            <div class=\"post-grid-inner\">\n            \t\n            \t\t\t\t<div class=\"post-grid-thumbnail\">\n\t\t\t\t<a href=\"https:\/\/informebajio.com.mx\/?p=53914\">\n\t\t\t\t\t<img loading=\"lazy\" decoding=\"async\" width=\"500\" height=\"107\" src=\"https:\/\/informebajio.com.mx\/wp-content\/uploads\/2026\/01\/wp-header-logo-49.png\" class=\"attachment-full size-full wp-post-image\" alt=\"\" srcset=\"https:\/\/informebajio.com.mx\/wp-content\/uploads\/2026\/01\/wp-header-logo-49.png 500w, https:\/\/informebajio.com.mx\/wp-content\/uploads\/2026\/01\/wp-header-logo-49-300x64.png 300w\" sizes=\"auto, (max-width: 500px) 100vw, 500px\" \/>\t\t\t\t<\/a>\n\t\t\t<\/div>\n        \n                <div class=\"post-grid-text-wrap\">\n               \t\t\t\t<h3 class=\"title\">\n\t\t\t<a href=\"https:\/\/informebajio.com.mx\/?p=53914\">Haciendas para bodas en Quer\u00e9taro: c\u00f3mo elegir el lugar ideal<\/a>\n\t\t<\/h3>\n\t\t\t                \t                \t\t<div class=\"post-grid-excerpt\">\n\t\t\t<p>Las haciendas son uno de los espacios m\u00e1s buscados para bodas en Quer\u00e9taro. Su arquitectura, amplitud y ambiente hist\u00f3rico las&hellip;<\/p>\n\t\t<\/div>\n\t\t\t                \t\t<a class=\"read-more-btn\" href=\"https:\/\/informebajio.com.mx\/?p=53914\">Leer m\u00e1s \u00bb<\/a>\n\t\t                <\/div>\n\n            <\/div><!-- .blog-inner -->\n           \n        <\/article>\n\n        \n\t\t\t<\/div>\n\t\t<\/div>\n\t\t\t\t<\/div>\n\t\t\t\t<\/div>\n\t\t\t\t\t<\/div>\n\t\t<\/div>\n\t\t\t\t\t\t\t<\/div>\n\t\t<\/section>\n\t\t\t\t\t\t<\/div>\n\t\t\t\t\t<\/div>\n\t\t","protected":false},"excerpt":{"rendered":"<p>Cultura Gala \u00abFlamenco de Ra\u00edz\u00bb Este 14 de Julio, con la presencia de tres grandes del flamenco, Karime Amaya,\u00a0 Patricia Guerrero y Eduardo Guerrero, el&hellip; Leer m\u00e1s \u00bb Una noche m\u00e1gica fue la Gala de Clausura de Ib\u00e9rica Contempor\u00e1nea\u201d Tanto el p\u00fablico queretano como todos aquellos que visitaron nuestro estado para disfrutar de este gran [&hellip;]<\/p>\n","protected":false},"author":1,"featured_media":0,"parent":0,"menu_order":0,"comment_status":"closed","ping_status":"closed","template":"","meta":{"_monsterinsights_skip_tracking":false,"_monsterinsights_sitenote_active":false,"_monsterinsights_sitenote_note":"","_monsterinsights_sitenote_category":0,"footnotes":""},"class_list":["post-541","page","type-page","status-publish","hentry"],"_links":{"self":[{"href":"https:\/\/informebajio.com.mx\/index.php?rest_route=\/wp\/v2\/pages\/541","targetHints":{"allow":["GET"]}}],"collection":[{"href":"https:\/\/informebajio.com.mx\/index.php?rest_route=\/wp\/v2\/pages"}],"about":[{"href":"https:\/\/informebajio.com.mx\/index.php?rest_route=\/wp\/v2\/types\/page"}],"author":[{"embeddable":true,"href":"https:\/\/informebajio.com.mx\/index.php?rest_route=\/wp\/v2\/users\/1"}],"replies":[{"embeddable":true,"href":"https:\/\/informebajio.com.mx\/index.php?rest_route=%2Fwp%2Fv2%2Fcomments&post=541"}],"version-history":[{"count":16,"href":"https:\/\/informebajio.com.mx\/index.php?rest_route=\/wp\/v2\/pages\/541\/revisions"}],"predecessor-version":[{"id":15163,"href":"https:\/\/informebajio.com.mx\/index.php?rest_route=\/wp\/v2\/pages\/541\/revisions\/15163"}],"wp:attachment":[{"href":"https:\/\/informebajio.com.mx\/index.php?rest_route=%2Fwp%2Fv2%2Fmedia&parent=541"}],"curies":[{"name":"wp","href":"https:\/\/api.w.org\/{rel}","templated":true}]}}